{"id":1982,"date":"2019-06-17T01:34:48","date_gmt":"2019-06-16T23:34:48","guid":{"rendered":"https:\/\/cudgeldemo.geekdev.de\/?page_id=1982"},"modified":"2020-12-31T23:13:47","modified_gmt":"2020-12-31T22:13:47","slug":"1982-2","status":"publish","type":"page","link":"https:\/\/cleverreach-cudgel.geekdev.de\/en\/1982-2\/","title":{"rendered":"Shipping and Charges"},"content":{"rendered":"\n<table class=\"wp-block-table\"><thead>\n\n\n<tr>\n<td><\/td>\n<td><strong>Ticketversand<\/strong><\/td>\n<td colspan=\"4\"><strong>CDs, LPs, DVDs, Merchandise<\/strong><\/td>\n<\/tr>\n<\/thead><tbody>\n\n\n<tr>\n<td><strong>Deutschland (DHL \/ Post)<\/strong><\/td>\n<td>2,50 \u20ac<\/td><td colspan=\"4\">5,00 \u20ac<\/td><\/tr>\n\n\n<tr>\n<td><\/td>\n<td><strong><\/strong><\/td><td  colspan=\"4\"><strong>max. 2 x CDs oder ein T-Shirt<\/strong><\/td><\/tr>\n<tr>\n<td><strong>Deutschland (DHL \/ Post) &#8211; unversichert, optional<\/strong><\/td>\n<td><\/td><td colspan=\"4\">2,50 \u20ac<\/td><\/tr>\n\n\n\n<tr><td colspan=\"6\"><p><strong>Versandkostenfrei!<\/strong> (nur innerhalb Deutschlands!) ab einem  gelieferten Warenwert von 100,00 \u20ac (ausgenommen Tickets und Spirituosen)  liefern wir Euch die Ware kostenfrei. (Bei Nachnahme m\u00fcssen die  Nachnahmegeb\u00fchren noch von Euch bezahlt werden!)<br\/><br\/><br\/><\/p><\/td><\/tr>\n\n\n<tr>\n<td><\/td>\n<td><strong>Ticketversand<\/strong><\/td><td  colspan=\"4\"><strong>CDs, LPs, DVDs, Merchandise<\/strong><\/td><\/tr>\n\n\n\n<tr>\n<td><p>&nbsp;<\/p><\/td>\n<td><\/td><td nowrap>bis 500g<\/td>\n<td>500g &#8211; 1000g<\/td>\n<td>1000g &#8211; 2000g<\/td><td nowrap>ab 2000g<\/td><\/tr>\n\n\n\n<tr>\n<td><strong>Ausland mit DHL<\/strong><\/td>\n\n<td><\/td>\n<td><\/td>\n<td><\/td>\n<td><\/td>\n<td><\/td><\/tr>\n\n<tr>\n<td>Belgien, D\u00e4nemark, Estland, Finnland, Frankreich, \nGriechenland, Irland, Italien, Lettland, Litauen, Luxemburg, Malta, \nMonaco, Niederlande, \u00d6stereich, Polen, Portugal, San Marino, Schweden, \nSlowakai, Slowenien, Spanien, Tschechische Republik, Ungarn, \nGro\u00dfbritannien, Zypern<\/td>\n<td rowspan=\"6\">4,50 \u20ac<\/td>\n<td rowspan=\"6\">8,00 \u20ac<\/td>\n<td rowspan=\"6\" nowrap>14,00 \u20ac<\/td>\n<td nowrap>14,00 \u20ac<\/td>\n<td nowrap>14,00 \u20ac<\/td>\n<\/tr>\n\n<tr>\n<td>Andorra, Liechtenstein, Norwegen, Schweiz<\/td>\n<td >18,00 \u20ac<\/td>\n<td >18,00 \u20ac<\/td>\n<tr>\n<td>Russische F\u00f6rderation, Bosnien und Herzegowina, Georgien, Island, Kasachstan, Koratien, Mazedonien, Serbien, T\u00fcrkei, Wei\u00dfru\u00dfland<\/td>\n<td rowspan=\"4\">23,00 \u20ac<\/td>\n\n<td rowspan=\"4\">34,00 \u20ac<\/td><\/tr>\n<\/tr>\n\n<tr>\n<td>Albanien, Algerien, Armenien, Aserbaidschan, \n\u00c4thiopien, Irak, Iran, Israel, Jordanien, Katar, Kuwait, Libanon, \nLibyen, Marokko, Oman, Syrien, Tunesien<\/td>\n<\/tr>\n\n<tr>\n<td>Argentinien, Australien, Brasilien, Chile, Hong \nKong, Indien, Indonesien, Japan, Kanada, Kolumbien, Malaysia, Mexiko, \nNeuseeland, Nordkorea, Pakistan, Peru, Phillippinen, Saudi-Arabien, \nSingapur, S\u00fcdafrika, S\u00fcdkorea, Thailand, Venezuela, USA<\/td>\n<\/tr>\n\n<tr>\n<td>Rest der Welt<\/td>\n<\/tbody><\/table>\n\n<\/tbody><\/table>\n\n\n\n<p><strong>More information:<\/strong><\/p>\n\n\n\n<p>When paying by cash on delivery, additional costs of EUR 7.50 apply.<\/p>\n\n\n\n<p>Klarna purchase on account in x months &#8211; cost overview:<\/p>\n\n\n\n<p><em><a href=\"https:\/\/cdn.klarna.com\/1.0\/shared\/content\/legal\/terms\/0\/de_de\/pix\" target=\"_blank\" rel=\"noreferrer noopener\">https:\/\/cdn.klarna.com\/1.0\/shared\/content\/legal\/terms\/0\/de_de\/pix<\/a><\/em><\/p>\n\n\n\n<p>Klarna installment purchase &#8211; cost overview:<\/p>\n\n\n\n<p><a href=\"https:\/\/cdn.klarna.com\/1.0\/shared\/content\/legal \/terms\/0\/de_de\/base_account\" target=\"_blank\" rel=\"noreferrer noopener\">https:\/\/cdn.klarna.com\/1.0\/shared\/content\/legal \/terms\/0\/de_de\/base_account<\/a><\/p>\n","protected":false},"excerpt":{"rendered":"<p>Ticketversand CDs, LPs, DVDs, Merchandise Deutschland (DHL \/ Post) 2,50 \u20ac 5,00 \u20ac max. 2 x CDs oder ein T-Shirt Deutschland (DHL \/ Post) &#8211; unversichert, optional 2,50 \u20ac Versandkostenfrei! (nur innerhalb Deutschlands!) ab einem gelieferten Warenwert von 100,00 \u20ac (ausgenommen Tickets und Spirituosen) liefern wir Euch die Ware kostenfrei. (Bei Nachnahme m\u00fcssen die Nachnahmegeb\u00fchren [&#8230;]\n","protected":false},"author":3,"featured_media":0,"parent":0,"menu_order":0,"comment_status":"closed","ping_status":"closed","template":"","meta":{"_expiration-date-status":"saved","_expiration-date":0,"_expiration-date-type":"","_expiration-date-categories":[],"_expiration-date-options":[]},"_links":{"self":[{"href":"https:\/\/cleverreach-cudgel.geekdev.de\/en\/wp-json\/wp\/v2\/pages\/1982"}],"collection":[{"href":"https:\/\/cleverreach-cudgel.geekdev.de\/en\/wp-json\/wp\/v2\/pages"}],"about":[{"href":"https:\/\/cleverreach-cudgel.geekdev.de\/en\/wp-json\/wp\/v2\/types\/page"}],"author":[{"embeddable":true,"href":"https:\/\/cleverreach-cudgel.geekdev.de\/en\/wp-json\/wp\/v2\/users\/3"}],"replies":[{"embeddable":true,"href":"https:\/\/cleverreach-cudgel.geekdev.de\/en\/wp-json\/wp\/v2\/comments?post=1982"}],"version-history":[{"count":2,"href":"https:\/\/cleverreach-cudgel.geekdev.de\/en\/wp-json\/wp\/v2\/pages\/1982\/revisions"}],"predecessor-version":[{"id":730727,"href":"https:\/\/cleverreach-cudgel.geekdev.de\/en\/wp-json\/wp\/v2\/pages\/1982\/revisions\/730727"}],"wp:attachment":[{"href":"https:\/\/cleverreach-cudgel.geekdev.de\/en\/wp-json\/wp\/v2\/media?parent=1982"}],"curies":[{"name":"wp","href":"https:\/\/api.w.org\/{rel}","templated":true}]}}